{"id":126,"date":"2018-07-11T12:56:29","date_gmt":"2018-07-11T19:56:29","guid":{"rendered":"http:\/\/www.mauralarsonhomes.com\/?page_id=126"},"modified":"2018-07-16T10:30:29","modified_gmt":"2018-07-16T17:30:29","slug":"en-espanol-2","status":"publish","type":"page","link":"http:\/\/www.mauralarsonhomes.com\/es\/en-espanol-2\/","title":{"rendered":"En Espa\u00f1ol"},"content":{"rendered":"<p>Comprar o vender una casa puede ser estresante. Si se siente m\u00e1s c\u00f3modo manejando la transacci\u00f3n en espa\u00f1ol, \u00a1enhorabuena! Soy de M\u00e9xico, trabaj\u00e9 en el sector financiero durante muchos a\u00f1os, as\u00ed como en el sector inmobiliario. Ahora en los Estados Unidos, tengo la oportunidad de poder ayudar a mis clientes hispanoparlantes.<\/p>\n<p>Trabajo con un equipo de personas desde Inspectores hasta prestamistas, que hablan espa\u00f1ol y que lo pueden ayudar o asesorar en este proceso. Tambi\u00e9n tengo acceso a algunos de los formularios del NWMLS traducidos al espa\u00f1ol.<\/p>\n<p>No permita que su transacci\u00f3n inmobiliaria sea m\u00e1s dif\u00edcil de lo que debe ser. \u00a1Ser\u00e1 un honor para m\u00ed apoyarlo en la compra o venta de su casa!<\/p>","protected":false},"excerpt":{"rendered":"<p> &hellip; <\/p>\n<p class=\"link-more\"><a href=\"http:\/\/www.mauralarsonhomes.com\/es\/en-espanol-2\/\" class=\"more-link\">Continue reading<span class=\"screen-reader-text\"> &#8220;En Espa\u00f1ol&#8221;<\/span><\/a><\/p>","protected":false},"author":1,"featured_media":0,"parent":0,"menu_order":0,"comment_status":"closed","ping_status":"closed","template":"","meta":{"_exactmetrics_skip_tracking":false,"_exactmetrics_sitenote_active":false,"_exactmetrics_sitenote_note":"","_exactmetrics_sitenote_category":0,"jetpack_post_was_ever_published":false,"footnotes":""},"jetpack_sharing_enabled":true,"_links":{"self":[{"href":"http:\/\/www.mauralarsonhomes.com\/es\/wp-json\/wp\/v2\/pages\/126"}],"collection":[{"href":"http:\/\/www.mauralarsonhomes.com\/es\/wp-json\/wp\/v2\/pages"}],"about":[{"href":"http:\/\/www.mauralarsonhomes.com\/es\/wp-json\/wp\/v2\/types\/page"}],"author":[{"embeddable":true,"href":"http:\/\/www.mauralarsonhomes.com\/es\/wp-json\/wp\/v2\/users\/1"}],"replies":[{"embeddable":true,"href":"http:\/\/www.mauralarsonhomes.com\/es\/wp-json\/wp\/v2\/comments?post=126"}],"version-history":[{"count":2,"href":"http:\/\/www.mauralarsonhomes.com\/es\/wp-json\/wp\/v2\/pages\/126\/revisions"}],"predecessor-version":[{"id":134,"href":"http:\/\/www.mauralarsonhomes.com\/es\/wp-json\/wp\/v2\/pages\/126\/revisions\/134"}],"wp:attachment":[{"href":"http:\/\/www.mauralarsonhomes.com\/es\/wp-json\/wp\/v2\/media?parent=126"}],"curies":[{"name":"wp","href":"https:\/\/api.w.org\/{rel}","templated":true}]}}