{"id":66,"date":"2018-06-22T09:57:47","date_gmt":"2018-06-22T16:57:47","guid":{"rendered":"http:\/\/www.mauralarsonhomes.com\/?page_id=66"},"modified":"2018-10-31T14:10:02","modified_gmt":"2018-10-31T21:10:02","slug":"meet-maura","status":"publish","type":"page","link":"http:\/\/www.mauralarsonhomes.com\/es\/meet-maura\/","title":{"rendered":"Meet Maura"},"content":{"rendered":"<p>El objetivo principal para mi es ayudar a las personas. Me encanta ense\u00f1ar casas  y encontrar la que supla todas las necesidades de mis clientes.  Una de mis actividades favoritas es preparar y decorar una casa para ponerla a la venta. Es sumamente motivador para mi  despertar por la ma\u00f1ana sabiendo que es el d\u00eda en que mis clientes tomaran el siguiente paso para ser due\u00f1o de su propia casa o vender la que ya tienen.<\/p>\n<p>No siempre he sido agente de bienes ra\u00edces. Cuando viv\u00eda en M\u00e9xico, trabaj\u00e9 15 a\u00f1os en el sector financiero, como tesorera en una casa de bolsa y luego en un banco.  Fue mi esposo el que me anim\u00f3 a obtener mi licencia de corredor de bienes ra\u00edces y empezar a ayudar a las personas con sus sue\u00f1os de tener su propia casa.<\/p>\n<p>El estar involucrada por tantos a\u00f1os en el sector financiero  me ha ayudado a ser una mejor corredora de bienes ra\u00edces. Entiendo de hipotecas, tasas de inter\u00e9s, comisiones, pagos, cuentas de fideicomiso, etc,  mis clientes se han beneficiados con ese conocimiento adquirido.<\/p>\n<p>La gente me llena de energ\u00eda, pero cuando no estoy trabajando, estoy involucrada activamente con mi iglesia, paso tiempo con los amigos o viajando. Viajar es uno de mis pasatiempos favoritos.<\/p>\n<p>Nada me gustar\u00eda mas que ayudarlo a usted, a sus familiares y amigos en la compra o venta de su casa!<\/p>","protected":false},"excerpt":{"rendered":"<p> &hellip; <\/p>\n<p class=\"link-more\"><a href=\"http:\/\/www.mauralarsonhomes.com\/es\/meet-maura\/\" class=\"more-link\">Continue reading<span class=\"screen-reader-text\"> &#8220;Meet Maura&#8221;<\/span><\/a><\/p>","protected":false},"author":1,"featured_media":114,"parent":0,"menu_order":3,"comment_status":"closed","ping_status":"closed","template":"homeCTA.php","meta":{"_exactmetrics_skip_tracking":false,"_exactmetrics_sitenote_active":false,"_exactmetrics_sitenote_note":"","_exactmetrics_sitenote_category":0,"jetpack_post_was_ever_published":false,"footnotes":""},"jetpack_sharing_enabled":true,"_links":{"self":[{"href":"http:\/\/www.mauralarsonhomes.com\/es\/wp-json\/wp\/v2\/pages\/66"}],"collection":[{"href":"http:\/\/www.mauralarsonhomes.com\/es\/wp-json\/wp\/v2\/pages"}],"about":[{"href":"http:\/\/www.mauralarsonhomes.com\/es\/wp-json\/wp\/v2\/types\/page"}],"author":[{"embeddable":true,"href":"http:\/\/www.mauralarsonhomes.com\/es\/wp-json\/wp\/v2\/users\/1"}],"replies":[{"embeddable":true,"href":"http:\/\/www.mauralarsonhomes.com\/es\/wp-json\/wp\/v2\/comments?post=66"}],"version-history":[{"count":2,"href":"http:\/\/www.mauralarsonhomes.com\/es\/wp-json\/wp\/v2\/pages\/66\/revisions"}],"predecessor-version":[{"id":190,"href":"http:\/\/www.mauralarsonhomes.com\/es\/wp-json\/wp\/v2\/pages\/66\/revisions\/190"}],"wp:featuredmedia":[{"embeddable":true,"href":"http:\/\/www.mauralarsonhomes.com\/es\/wp-json\/wp\/v2\/media\/114"}],"wp:attachment":[{"href":"http:\/\/www.mauralarsonhomes.com\/es\/wp-json\/wp\/v2\/media?parent=66"}],"curies":[{"name":"wp","href":"https:\/\/api.w.org\/{rel}","templated":true}]}}